{"id":97,"date":"2023-12-16T01:34:00","date_gmt":"2023-12-16T01:34:00","guid":{"rendered":"https:\/\/wordpress-547681-4157140.cloudwaysapps.com\/?page_id=16"},"modified":"2024-10-15T06:17:32","modified_gmt":"2024-10-15T10:17:32","slug":"ebt-experts","status":"publish","type":"page","link":"https:\/\/www.ebtexperts.com\/es\/","title":{"rendered":"EBT Experts &#8211; Don&#8217;t lose your EBT license!"},"content":{"rendered":"<div class=\"wp-block-uagb-container uag-hide-mob uagb-block-79340537 alignfull uagb-is-root-container\"><div class=\"uagb-container-inner-blocks-wrap\">\n<div class=\"wp-block-uagb-info-box uagb-block-dbd73f51 uagb-infobox__content-wrap  uagb-infobox-icon-above-title uagb-infobox-image-valign-top\"><div class=\"uagb-ifb-content\"><div class=\"uagb-ifb-title-wrap\"><h1 class=\"uagb-ifb-title\">Simplifica tus pr\u00e1cticas comerciales<\/h1><\/div><p class=\"uagb-ifb-desc\">Obt\u00e9n tranquilidad y aumenta tus ganancias.<\/p><\/div><\/div>\n<\/div><\/div>\n\n\n\n<div class=\"wp-block-uagb-container uag-hide-desktop uag-hide-tab uagb-block-63e90468 alignfull uagb-is-root-container\"><div class=\"uagb-container-inner-blocks-wrap\">\n<div class=\"wp-block-uagb-info-box uagb-block-815d1d02 uagb-infobox__content-wrap  uagb-infobox-icon-above-title uagb-infobox-image-valign-top\"><div class=\"uagb-ifb-content\"><div class=\"uagb-ifb-title-wrap\"><h1 class=\"uagb-ifb-title\">Simplifica tus pr\u00e1cticas comerciales<\/h1><\/div><p class=\"uagb-ifb-desc\">Obt\u00e9n tranquilidad y aumenta tus ganancias.<\/p><\/div><\/div>\n<\/div><\/div>\n\n\n\n<div class=\"wp-block-uagb-container uagb-block-36b27f4a alignfull uagb-is-root-container\"><div class=\"uagb-container-inner-blocks-wrap\">\n<div class=\"wp-block-uagb-info-box uagb-block-f837e285 uagb-infobox__content-wrap  uagb-infobox-icon-above-title uagb-infobox-image-valign-top\"><div class=\"uagb-ifb-content\"><div class=\"uagb-ifb-title-wrap\"><h2 class=\"uagb-ifb-title\">Administrar una tienda <br>puede ser estresante<\/h2><\/div><p class=\"uagb-ifb-desc\"><strong>No tiene que ser complicado nunca m\u00e1s.<\/strong><\/p><\/div><\/div>\n\n\n\n<figure class=\"wp-block-embed is-type-video is-provider-vimeo wp-block-embed-vimeo\"><div class=\"wp-block-embed__wrapper\">\n<div class=\"container-lazyload container-vimeo js-lazyload--not-loaded\"><a href=\"https:\/\/vimeo.com\/923030139?share=copy\" id=\"923030139\" class=\"lazy-load-vimeo preview-lazyload preview-vimeo\" data-video-uri=\"\/videos\/923030139\" data-video-thumbnail=\"https:\/\/i.vimeocdn.com\/video\/1937943591-18237cc5c799336b5da7c8b11ab5c0e950690c944b5c968daca4d940e6db60ff-d_960\" data-video-title=\"EBT Experts Solution\" title=\"Play video &quot;EBT Experts Solution&quot;\">https:\/\/vimeo.com\/923030139?share=copy<\/a><noscript>Video can&#8217;t be loaded because JavaScript is disabled: <a href=\"https:\/\/vimeo.com\/923030139?share=copy\" title=\"EBT Experts Solution\">EBT Experts Solution (https:\/\/vimeo.com\/923030139?share=copy)<\/a><\/noscript><\/div>\n<\/div><\/figure>\n\n\n\n<div class=\"wp-block-uagb-buttons uagb-buttons__outer-wrap uagb-btn__default-btn uagb-btn-tablet__default-btn uagb-btn-mobile__default-btn uagb-block-df5b1e70\"><div class=\"uagb-buttons__wrap uagb-buttons-layout-wrap\">\n<div class=\"wp-block-uagb-buttons-child uagb-buttons__outer-wrap uagb-block-2312bcac wp-block-button\"><div class=\"uagb-button__wrapper\"><a class=\"uagb-buttons-repeater wp-block-button__link\" aria-label=\"\" href=\"tel:(754) 225-2575\" rel=\"follow noopener\" target=\"_self\" role=\"button\"><div class=\"uagb-button__link\">LLAMA A UN EXPERTO<\/div><\/a><\/div><\/div>\n<\/div><\/div>\n<\/div><\/div>\n\n\n\n<div class=\"wp-block-uagb-container uagb-block-9be07ae0 alignfull uagb-is-root-container\"><div class=\"uagb-container-inner-blocks-wrap\">\n<h2 class=\"wp-block-heading has-text-align-center has-text-color has-link-color wp-elements-f8f68d86404dc0f048c12f635df97820\" style=\"color:#fcb040;font-size:55px\">Ahorra tiempo y simplifica las cosas <br>con los Expertos en EBT<\/h2>\n\n\n\n<div style=\"height:25px\" aria-hidden=\"true\" class=\"wp-block-spacer\"><\/div>\n\n\n\n<div class=\"wp-block-columns is-layout-flex wp-container-core-columns-is-layout-1 wp-block-columns-is-layout-flex\">\n<div class=\"wp-block-column is-layout-flow wp-block-column-is-layout-flow\">\n<div class=\"wp-block-uagb-info-box uagb-block-383a7f74 uagb-infobox__content-wrap  uagb-infobox-icon-above-title uagb-infobox-image-valign-top\"><div class=\"uagb-ifb-content\"><div class=\"uagb-ifb-icon-wrap\"><svg xmlns=\"https:\/\/www.w3.org\/2000\/svg\" viewbox=\"0 0 512 512\"><path d=\"M256-.0078C260.7-.0081 265.2 1.008 269.4 2.913L457.7 82.79C479.7 92.12 496.2 113.8 496 139.1C495.5 239.2 454.7 420.7 282.4 503.2C265.7 511.1 246.3 511.1 229.6 503.2C57.25 420.7 16.49 239.2 15.1 139.1C15.87 113.8 32.32 92.12 54.3 82.79L242.7 2.913C246.8 1.008 251.4-.0081 256-.0078V-.0078zM256 444.8C393.1 378 431.1 230.1 432 141.4L256 66.77L256 444.8z\"><\/path><\/svg><\/div><div class=\"uagb-ifb-title-wrap\"><h3 class=\"uagb-ifb-title\">PROTEGE<\/h3><\/div><p class=\"uagb-ifb-desc\">Obt\u00e9n tranquilidad con servicios de protecci\u00f3n contra la p\u00e9rdida de tu licencia EBT.<\/p><\/div><\/div>\n<\/div>\n\n\n\n<div class=\"wp-block-column is-layout-flow wp-block-column-is-layout-flow\">\n<div class=\"wp-block-uagb-info-box uagb-block-7663259a uagb-infobox__content-wrap  uagb-infobox-icon-above-title uagb-infobox-image-valign-top\"><div class=\"uagb-ifb-content\"><div class=\"uagb-ifb-icon-wrap\"><svg xmlns=\"https:\/\/www.w3.org\/2000\/svg\" viewbox=\"0 0 512 512\"><path d=\"M320 96H192L144.6 24.88C137.5 14.24 145.1 0 157.9 0H354.1C366.9 0 374.5 14.24 367.4 24.88L320 96zM192 128H320C323.8 130.5 328.1 133.3 332.1 136.4C389.7 172.7 512 250.9 512 416C512 469 469 512 416 512H96C42.98 512 0 469 0 416C0 250.9 122.3 172.7 179 136.4C183.9 133.3 188.2 130.5 192 128V128zM276.1 224C276.1 212.9 267.1 203.9 255.1 203.9C244.9 203.9 235.9 212.9 235.9 224V230C230.3 231.2 224.1 232.9 220 235.1C205.1 241.9 192.1 254.5 188.9 272.8C187.1 283 188.1 292.9 192.3 301.8C196.5 310.6 203 316.8 209.6 321.3C221.2 329.2 236.5 333.8 248.2 337.3L250.4 337.9C264.4 342.2 273.8 345.3 279.7 349.6C282.2 351.4 283.1 352.8 283.4 353.7C283.8 354.5 284.4 356.3 283.7 360.3C283.1 363.8 281.2 366.8 275.7 369.1C269.6 371.7 259.7 373 246.9 371C240.9 370 230.2 366.4 220.7 363.2C218.5 362.4 216.3 361.7 214.3 361C203.8 357.5 192.5 363.2 189 373.7C185.5 384.2 191.2 395.5 201.7 398.1C202.9 399.4 204.4 399.9 206.1 400.5C213.1 403.2 226.4 407.4 235.9 409.6V416C235.9 427.1 244.9 436.1 255.1 436.1C267.1 436.1 276.1 427.1 276.1 416V410.5C281.4 409.5 286.6 407.1 291.4 405.9C307.2 399.2 319.8 386.2 323.1 367.2C324.9 356.8 324.1 346.8 320.1 337.7C316.2 328.7 309.9 322.1 303.2 317.3C291.1 308.4 274.9 303.6 262.8 299.9L261.1 299.7C247.8 295.4 238.2 292.4 232.1 288.2C229.5 286.4 228.7 285.2 228.5 284.7C228.3 284.3 227.7 283.1 228.3 279.7C228.7 277.7 230.2 274.4 236.5 271.6C242.1 268.7 252.9 267.1 265.1 268.1C269.5 269.7 283 272.3 286.9 273.3C297.5 276.2 308.5 269.8 311.3 259.1C314.2 248.5 307.8 237.5 297.1 234.7C292.7 233.5 282.7 231.5 276.1 230.3L276.1 224z\"><\/path><\/svg><\/div><div class=\"uagb-ifb-title-wrap\"><h3 class=\"uagb-ifb-title\">GANANCIA<\/h3><\/div><p class=\"uagb-ifb-desc\">Aumenta las ganancias de tu negocio con herramientas y tecnolog\u00eda para eliminar el robo de empleados y reducir los gastos comerciales.<\/p><\/div><\/div>\n<\/div>\n\n\n\n<div class=\"wp-block-column is-layout-flow wp-block-column-is-layout-flow\">\n<div class=\"wp-block-uagb-info-box uagb-block-1afbc4cd uagb-infobox__content-wrap  uagb-infobox-icon-above-title uagb-infobox-image-valign-top\"><div class=\"uagb-ifb-content\"><div class=\"uagb-ifb-icon-wrap\"><svg xmlns=\"https:\/\/www.w3.org\/2000\/svg\" viewbox=\"0 0 512 512\"><path d=\"M64 400C64 408.8 71.16 416 80 416H480C497.7 416 512 430.3 512 448C512 465.7 497.7 480 480 480H80C35.82 480 0 444.2 0 400V64C0 46.33 14.33 32 32 32C49.67 32 64 46.33 64 64V400zM342.6 278.6C330.1 291.1 309.9 291.1 297.4 278.6L240 221.3L150.6 310.6C138.1 323.1 117.9 323.1 105.4 310.6C92.88 298.1 92.88 277.9 105.4 265.4L217.4 153.4C229.9 140.9 250.1 140.9 262.6 153.4L320 210.7L425.4 105.4C437.9 92.88 458.1 92.88 470.6 105.4C483.1 117.9 483.1 138.1 470.6 150.6L342.6 278.6z\"><\/path><\/svg><\/div><div class=\"uagb-ifb-title-wrap\"><h3 class=\"uagb-ifb-title\">PROMOCIONA<\/h3><\/div><p class=\"uagb-ifb-desc\">Simplifica la gesti\u00f3n de tu negocio con acceso a las mejores pr\u00e1cticas comerciales de otros exitosos due\u00f1os de tiendas de conveniencia.<\/p><\/div><\/div>\n<\/div>\n<\/div>\n<\/div><\/div>\n\n\n\n<div class=\"wp-block-uagb-container uagb-block-5893349f alignfull uagb-is-root-container\"><div class=\"uagb-container-inner-blocks-wrap\">\n<div class=\"wp-block-uagb-container uagb-block-48231054\">\n<div class=\"wp-block-uagb-info-box uagb-block-15f4d125 uagb-infobox__content-wrap  uagb-infobox-icon-above-title uagb-infobox-image-valign-top\"><div class=\"uagb-ifb-content\"><div class=\"uagb-ifb-title-wrap\"><h2 class=\"uagb-ifb-title\">Nos preocupamos por el \u00e9xito de los negocios locales en nuestra comunidad.<\/h2><\/div><p class=\"uagb-ifb-desc\">Queremos preparar a los due\u00f1os de tiendas de conveniencia para el \u00e9xito al competir contra grandes cadenas corporativas.<\/p><\/div><\/div>\n\n\n\n<div class=\"wp-block-uagb-buttons uagb-buttons__outer-wrap uagb-btn__default-btn uagb-btn-tablet__default-btn uagb-btn-mobile__default-btn uagb-block-f7934709\"><div class=\"uagb-buttons__wrap uagb-buttons-layout-wrap\">\n<div class=\"wp-block-uagb-buttons-child uagb-buttons__outer-wrap uagb-block-bebcc869 wp-block-button\"><div class=\"uagb-button__wrapper\"><a class=\"uagb-buttons-repeater wp-block-button__link\" aria-label=\"\" href=\"tel:(754) 225-2575\" rel=\"follow noopener\" target=\"_self\" role=\"button\"><div class=\"uagb-button__link\">LLAMA A UN EXPERTO<\/div><\/a><\/div><\/div>\n<\/div><\/div>\n<\/div>\n\n\n\n<div class=\"wp-block-uagb-container uagb-block-1aa0460d\">\n<div class=\"wp-block-uagb-info-box uagb-block-90e7cdef uagb-infobox__content-wrap  uagb-infobox-icon-left uagb-infobox-left uagb-infobox-stacked-tablet uagb-infobox-image-valign-top\"><div class=\"uagb-ifb-icon-wrap\"><svg xmlns=\"https:\/\/www.w3.org\/2000\/svg\" viewbox=\"0 0 512 512\"><path d=\"M288 256C288 273.7 273.7 288 256 288C238.3 288 224 273.7 224 256C224 238.3 238.3 224 256 224C273.7 224 288 238.3 288 256zM112 256C112 176.5 176.5 112 256 112C335.5 112 400 176.5 400 256C400 335.5 335.5 400 256 400C176.5 400 112 335.5 112 256zM256 336C300.2 336 336 300.2 336 256C336 211.8 300.2 176 256 176C211.8 176 176 211.8 176 256C176 300.2 211.8 336 256 336zM512 256C512 397.4 397.4 512 256 512C114.6 512 0 397.4 0 256C0 114.6 114.6 0 256 0C397.4 0 512 114.6 512 256zM256 64C149.1 64 64 149.1 64 256C64 362 149.1 448 256 448C362 448 448 362 448 256C448 149.1 362 64 256 64z\"><\/path><\/svg><\/div><div class=\"uagb-ifb-content\"><div class=\"uagb-ifb-title-wrap\"><p class=\"uagb-ifb-title\">10 a\u00f1os en la industria<\/p><\/div><\/div><\/div>\n\n\n\n<div class=\"wp-block-uagb-info-box uagb-block-fb9ef666 uagb-infobox__content-wrap  uagb-infobox-icon-left uagb-infobox-left uagb-infobox-stacked-tablet uagb-infobox-image-valign-top\"><div class=\"uagb-ifb-icon-wrap\"><svg xmlns=\"https:\/\/www.w3.org\/2000\/svg\" viewbox=\"0 0 512 512\"><path d=\"M0 256C0 114.6 114.6 0 256 0C397.4 0 512 114.6 512 256C512 397.4 397.4 512 256 512C114.6 512 0 397.4 0 256zM164.1 325.5C158.3 318.8 148.2 318.1 141.5 323.9C134.8 329.7 134.1 339.8 139.9 346.5C162.1 372.1 200.9 400 255.1 400C311.1 400 349.8 372.1 372.1 346.5C377.9 339.8 377.2 329.7 370.5 323.9C363.8 318.1 353.7 318.8 347.9 325.5C329.9 346.2 299.4 368 255.1 368C212.6 368 182 346.2 164.1 325.5H164.1zM176.4 176C158.7 176 144.4 190.3 144.4 208C144.4 225.7 158.7 240 176.4 240C194 240 208.4 225.7 208.4 208C208.4 190.3 194 176 176.4 176zM300.8 233.6C318.4 210.1 353.6 210.1 371.2 233.6C376.5 240.7 386.5 242.1 393.6 236.8C400.7 231.5 402.1 221.5 396.8 214.4C366.4 173.9 305.6 173.9 275.2 214.4C269.9 221.5 271.3 231.5 278.4 236.8C285.5 242.1 295.5 240.7 300.8 233.6z\"><\/path><\/svg><\/div><div class=\"uagb-ifb-content\"><div class=\"uagb-ifb-title-wrap\"><p class=\"uagb-ifb-title\">M\u00e1s de 1000 due\u00f1os de tiendas de conveniencia felices<\/p><\/div><\/div><\/div>\n\n\n\n<div class=\"wp-block-uagb-info-box uagb-block-1fd110da uagb-infobox__content-wrap  uagb-infobox-icon-left uagb-infobox-left uagb-infobox-stacked-tablet uagb-infobox-image-valign-top\"><div class=\"uagb-ifb-icon-wrap\"><svg xmlns=\"https:\/\/www.w3.org\/2000\/svg\" viewbox=\"0 0 640 512\"><path d=\"M184 88C184 118.9 158.9 144 128 144C97.07 144 72 118.9 72 88C72 57.07 97.07 32 128 32C158.9 32 184 57.07 184 88zM208.4 196.3C178.7 222.7 160 261.2 160 304C160 338.3 171.1 369.8 192 394.5V416C192 433.7 177.7 448 160 448H96C78.33 448 64 433.7 64 416V389.2C26.16 371.2 0 332.7 0 288C0 226.1 50.14 176 112 176H144C167.1 176 190.2 183.5 208.4 196.3V196.3zM64 245.7C54.04 256.9 48 271.8 48 288C48 304.2 54.04 319.1 64 330.3V245.7zM448 416V394.5C468 369.8 480 338.3 480 304C480 261.2 461.3 222.7 431.6 196.3C449.8 183.5 472 176 496 176H528C589.9 176 640 226.1 640 288C640 332.7 613.8 371.2 576 389.2V416C576 433.7 561.7 448 544 448H480C462.3 448 448 433.7 448 416zM576 330.3C585.1 319.1 592 304.2 592 288C592 271.8 585.1 256.9 576 245.7V330.3zM568 88C568 118.9 542.9 144 512 144C481.1 144 456 118.9 456 88C456 57.07 481.1 32 512 32C542.9 32 568 57.07 568 88zM256 96C256 60.65 284.7 32 320 32C355.3 32 384 60.65 384 96C384 131.3 355.3 160 320 160C284.7 160 256 131.3 256 96zM448 304C448 348.7 421.8 387.2 384 405.2V448C384 465.7 369.7 480 352 480H288C270.3 480 256 465.7 256 448V405.2C218.2 387.2 192 348.7 192 304C192 242.1 242.1 192 304 192H336C397.9 192 448 242.1 448 304zM256 346.3V261.7C246 272.9 240 287.8 240 304C240 320.2 246 335.1 256 346.3zM384 261.7V346.3C393.1 335 400 320.2 400 304C400 287.8 393.1 272.9 384 261.7z\"><\/path><\/svg><\/div><div class=\"uagb-ifb-content\"><div class=\"uagb-ifb-title-wrap\"><p class=\"uagb-ifb-title\">Relaciones destacadas con socios en la industria de procesamiento de pagos y con el USDA.<\/p><\/div><\/div><\/div>\n<\/div>\n<\/div><\/div>\n\n\n\n<div class=\"wp-block-uagb-container uagb-block-f4c9b289 alignfull uagb-is-root-container\"><div class=\"uagb-container-inner-blocks-wrap\">\n<h2 class=\"wp-block-heading has-text-align-center has-color-7-color has-text-color has-link-color wp-elements-69d226bf0ea18e31e240ce7704b2177d\" style=\"font-size:55px\">C\u00f3mo Funciona<\/h2>\n\n\n\n<div class=\"wp-block-columns is-layout-flex wp-container-core-columns-is-layout-2 wp-block-columns-is-layout-flex\">\n<div class=\"wp-block-column is-layout-flow wp-block-column-is-layout-flow\">\n<div class=\"wp-block-uagb-info-box uagb-block-accefcaa uagb-infobox__content-wrap  uagb-infobox-icon-above-title uagb-infobox-image-valign-top\"><div class=\"uagb-ifb-content\"><div class=\"uagb-ifb-icon-wrap\"><svg xmlns=\"https:\/\/www.w3.org\/2000\/svg\" viewbox=\"0 0 256 512\"><path d=\"M256 448c0 17.67-14.33 32-32 32H32c-17.67 0-32-14.33-32-32s14.33-32 32-32h64V123.8L49.75 154.6C35.02 164.5 15.19 160.4 5.375 145.8C-4.422 131.1-.4531 111.2 14.25 101.4l96-64c9.828-6.547 22.45-7.187 32.84-1.594C153.5 41.37 160 52.22 160 64.01v352h64C241.7 416 256 430.3 256 448z\"><\/path><\/svg><\/div><div class=\"uagb-ifb-title-wrap\"><h3 class=\"uagb-ifb-title\">Proteger contra P\u00e9rdidas<\/h3><\/div><p class=\"uagb-ifb-desc\">Nuestros expertos hablar\u00e1n contigo sobre el plan<br>que tienes en marcha para asegurarte de que<br>est\u00e1s cumpliendo con todos los requisitos del<br>the USDA requirements to<br>USDA para garantizar que no perder\u00e1s<br>tu licencia EBT.<\/p><\/div><\/div>\n<\/div>\n\n\n\n<div class=\"wp-block-column is-layout-flow wp-block-column-is-layout-flow\">\n<div class=\"wp-block-uagb-info-box uagb-block-0a43d4ed uagb-infobox__content-wrap  uagb-infobox-icon-above-title uagb-infobox-image-valign-top\"><div class=\"uagb-ifb-content\"><div class=\"uagb-ifb-icon-wrap\"><svg xmlns=\"https:\/\/www.w3.org\/2000\/svg\" viewbox=\"0 0 320 512\"><path d=\"M320 448c0 17.67-14.33 32-32 32H32c-13.08 0-24.83-7.953-29.7-20.09c-4.859-12.12-1.859-26 7.594-35.03l193.6-185.1c31.36-30.17 33.95-80 5.812-113.4c-14.91-17.69-35.86-28.12-58.97-29.38C127.4 95.83 105.3 103.9 88.53 119.9L53.52 151.7c-13.08 11.91-33.33 10.89-45.2-2.172C-3.563 136.5-2.594 116.2 10.48 104.3l34.45-31.3c28.67-27.34 68.39-42.11 108.9-39.88c40.33 2.188 78.39 21.16 104.4 52.03c49.8 59.05 45.2 147.3-10.45 200.8l-136 130H288C305.7 416 320 430.3 320 448z\"><\/path><\/svg><\/div><div class=\"uagb-ifb-title-wrap\"><h3 class=\"uagb-ifb-title\">Aumentar Tus Ganancias<\/h3><\/div><p class=\"uagb-ifb-desc\">Evaluaremos las formas en que<br>podemos ayudarte a aumentar las ganancias<br>de tu negocio al eliminar el robo de<br>parte de los empleados y reducir<br>tus gastos comerciales.<\/p><\/div><\/div>\n<\/div>\n\n\n\n<div class=\"wp-block-column is-layout-flow wp-block-column-is-layout-flow\">\n<div class=\"wp-block-uagb-info-box uagb-block-2a1cb94c uagb-infobox__content-wrap  uagb-infobox-icon-above-title uagb-infobox-image-valign-top\"><div class=\"uagb-ifb-content\"><div class=\"uagb-ifb-icon-wrap\"><svg xmlns=\"https:\/\/www.w3.org\/2000\/svg\" viewbox=\"0 0 320 512\"><path d=\"M320 344c0 74.98-61.02 136-136 136H103.6c-46.34 0-87.31-29.53-101.1-73.48c-5.594-16.77 3.484-34.88 20.25-40.47c16.75-5.609 34.89 3.484 40.47 20.25c5.922 17.77 22.48 29.7 41.23 29.7H184c39.7 0 72-32.3 72-72s-32.3-72-72-72H80c-13.2 0-25.05-8.094-29.83-20.41C45.39 239.3 48.66 225.3 58.38 216.4l131.4-120.4H32c-17.67 0-32-14.33-32-32s14.33-32 32-32h240c13.2 0 25.05 8.094 29.83 20.41c4.781 12.3 1.516 26.27-8.203 35.19l-131.4 120.4H184C258.1 208 320 269 320 344z\"><\/path><\/svg><\/div><div class=\"uagb-ifb-title-wrap\"><h3 class=\"uagb-ifb-title\">Simplifica Tu Negocio<\/h3><\/div><p class=\"uagb-ifb-desc\">Bas\u00e1ndonos en las necesidades de tu negocio,<br>nuestros expertos pueden ayudarte a<br>simplificar la gesti\u00f3n de tu empresa d\u00e1ndote<br>acceso a las mejores pr\u00e1cticas<br>comerciales de otros exitosos due\u00f1os<br>de tiendas de conveniencia.<\/p><\/div><\/div>\n<\/div>\n<\/div>\n\n\n\n<div class=\"wp-block-uagb-buttons uagb-buttons__outer-wrap uagb-btn__default-btn uagb-btn-tablet__default-btn uagb-btn-mobile__default-btn uagb-block-b8838875\"><div class=\"uagb-buttons__wrap uagb-buttons-layout-wrap\">\n<div class=\"wp-block-uagb-buttons-child uagb-buttons__outer-wrap uagb-block-1139a32e wp-block-button\"><div class=\"uagb-button__wrapper\"><a class=\"uagb-buttons-repeater wp-block-button__link\" aria-label=\"\" href=\"tel:(754) 225-2575\" rel=\"follow noopener\" target=\"_self\" role=\"button\"><div class=\"uagb-button__link\">LLAMA A UN EXPERTO<\/div><\/a><\/div><\/div>\n<\/div><\/div>\n<\/div><\/div>\n\n\n\n<div class=\"wp-block-uagb-container uagb-block-c808c943 alignfull uagb-is-root-container\"><div class=\"uagb-container-inner-blocks-wrap\">\n<h2 class=\"wp-block-heading has-text-align-center\">\u00bfEst\u00e1 en Cumpliemiento tu Tienda con EBT?<\/h2>\n\n\n\n<p class=\"has-text-align-center has-larger-font-size\"><strong>Aprende M\u00e1s Sobre los Requisitos de la Licencia EBT<\/strong><\/p>\n\n\n\n<figure class=\"wp-block-embed is-type-video is-provider-youtube wp-block-embed-youtube wp-embed-aspect-16-9 wp-has-aspect-ratio\"><div class=\"wp-block-embed__wrapper\">\n<div class=\"container-lazyload preview-lazyload container-youtube js-lazyload--not-loaded\"><a href=\"https:\/\/youtu.be\/PDyrqHxJ6_A\" class=\"lazy-load-youtube preview-lazyload preview-youtube\" data-video-title=\"EBT Experts Introduction\" title=\"Play video &quot;EBT Experts Introduction&quot;\">https:\/\/youtu.be\/PDyrqHxJ6_A<\/a><noscript>Video can&#8217;t be loaded because JavaScript is disabled: <a href=\"https:\/\/youtu.be\/PDyrqHxJ6_A\" title=\"EBT Experts Introduction\">EBT Experts Introduction (https:\/\/youtu.be\/PDyrqHxJ6_A)<\/a><\/noscript><\/div>\n<\/div><\/figure>\n\n\n\n<div class=\"wp-block-uagb-buttons uagb-buttons__outer-wrap uagb-btn__default-btn uagb-btn-tablet__default-btn uagb-btn-mobile__default-btn uagb-block-22e1a2cf\"><div class=\"uagb-buttons__wrap uagb-buttons-layout-wrap\">\n<div class=\"wp-block-uagb-buttons-child uagb-buttons__outer-wrap uagb-block-8e336334 wp-block-button\"><div class=\"uagb-button__wrapper\"><a class=\"uagb-buttons-repeater wp-block-button__link\" aria-label=\"\" href=\"tel:(754) 225-2575\" rel=\"follow noopener\" target=\"_self\" role=\"button\"><div class=\"uagb-button__link\">LLAMA A UN EXPERTO<\/div><\/a><\/div><\/div>\n<\/div><\/div>\n<\/div><\/div>\n\n\n\n<div class=\"wp-block-uagb-container uagb-block-1d552f18 alignfull uagb-is-root-container\"><div class=\"uagb-container-inner-blocks-wrap\">\n<div class=\"wp-block-uagb-container uagb-block-21ffbe09\">\n<h2 class=\"wp-block-heading has-color-0-color has-text-color has-link-color wp-elements-b3b80918107ed8f37dc7aee5586cb059\">La mayor\u00eda de los due\u00f1os de tiendas piensan que no perder\u00e1n su licencia EBT...<\/h2>\n\n\n\n<p style=\"font-size:26px\">But according to an attorney specializing in USDA compliance, less than 1% of owners are actually compliant.<\/p>\n\n\n\n<p style=\"font-size:26px\"><strong>\"Los due\u00f1os de tiendas piensan que tienen un entendimiento, general y de alto nivel, de los requisitos del USDA... En ocho a\u00f1os, solo he tenido dos minoristas que ten\u00edan todos los datos necesarios para presentar [para proteger su negocio de perder EBT].\"<\/strong><\/p>\n<\/div>\n\n\n\n<div class=\"wp-block-uagb-container uagb-block-cf758c88\"><\/div>\n<\/div><\/div>\n\n\n\n<div class=\"wp-block-uagb-container uagb-block-ae3778c1 alignfull uagb-is-root-container\"><div class=\"uagb-container-inner-blocks-wrap\">\n<h2 class=\"wp-block-heading has-text-align-center has-color-0-color has-text-color has-link-color wp-elements-df72636767283534e2a620b63f4003ae\">\u00bfQu\u00e9 dicen nuestros clientes?<\/h2>\n\n\n\n<div class=\"wp-block-uagb-container uagb-block-4e0f8d26\">\n<div class=\"wp-block-uagb-testimonial uagb-slick-carousel uagb-tm__arrow-outside uagb-block-6e479b69 uagb-post__carousel_equal-height uagb-post__carousel_notset\"><div class=\"is-carousel uagb-tm__columns-3 uagb-tm__items\"><div class=\"uagb-testimonial__wrap  uagb-tm__imgicon-style-square uagb-tm__image-position-top uagb-tm__bg-type-image\"><div class=\"uagb-tm__content\"><div class=\"uagb-tm__overlay\"><\/div><div class=\"uagb-tm__image-content\"><div class=\"uagb-tm__image\"><img decoding=\"async\" class=\"uagb-tm-img-src\" src=\"https:\/\/www.ebtexperts.com\/wp-content\/uploads\/2024\/01\/Arif-M-circle-1.jpeg\" alt=\"\" width=\"120\" height=\"120\" loading=\"lazy\"\/><\/div><\/div><div class=\"uagb-tm__text-wrap\"><div class=\"uagb-tm__desc\">\"Sin EBT Experts, habr\u00eda perdido mi licencia EBT despu\u00e9s de recibir una carta del USDA. No s\u00e9 qu\u00e9 habr\u00eda hecho sin ellos. \u00a1Altamente recomendado!\"<\/div><div class=\"uagb-tm__meta-inner\"><div class=\"uagb-testimonial-details\"><span class=\"uagb-tm__author-name\">Arif M.<\/span><span class=\"uagb-tm__company\"> <\/span><\/div><\/div><\/div><\/div><\/div><div class=\"uagb-testimonial__wrap  uagb-tm__imgicon-style-square uagb-tm__image-position-top uagb-tm__bg-type-image\"><div class=\"uagb-tm__content\"><div class=\"uagb-tm__overlay\"><\/div><div class=\"uagb-tm__image-content\"><div class=\"uagb-tm__image\"><img decoding=\"async\" class=\"uagb-tm-img-src\" src=\"https:\/\/www.ebtexperts.com\/wp-content\/uploads\/2024\/01\/Juan-S-circle-1.jpeg\" alt=\"\" width=\"120\" height=\"120\" loading=\"lazy\"\/><\/div><\/div><div class=\"uagb-tm__text-wrap\"><div class=\"uagb-tm__desc\">\"Utilizamos EBT Experts para todas nuestras solicitudes de SNAP EBT y cualquier comunicaci\u00f3n con el USDA. Recomiendo usar EBT Experts para todas tus necesidades de SNAP EBT.\"<\/div><div class=\"uagb-tm__meta-inner\"><div class=\"uagb-testimonial-details\"><span class=\"uagb-tm__author-name\">Juan S.<\/span><span class=\"uagb-tm__company\"> <\/span><\/div><\/div><\/div><\/div><\/div><div class=\"uagb-testimonial__wrap  uagb-tm__imgicon-style-square uagb-tm__image-position-top uagb-tm__bg-type-image\"><div class=\"uagb-tm__content\"><div class=\"uagb-tm__overlay\"><\/div><div class=\"uagb-tm__image-content\"><div class=\"uagb-tm__image\"><img decoding=\"async\" class=\"uagb-tm-img-src\" src=\"https:\/\/www.ebtexperts.com\/wp-content\/uploads\/2024\/01\/Zaman-D-circle-1.jpeg\" alt=\"\" width=\"120\" height=\"120\" loading=\"lazy\"\/><\/div><\/div><div class=\"uagb-tm__text-wrap\"><div class=\"uagb-tm__desc\">\"EBT Experts se encarga de las solicitudes de SNAP EBT, el cumplimiento del USDA y el procesamiento de pagos para todas mis tiendas. Los recomiendo enf\u00e1ticamente.\"<\/div><div class=\"uagb-tm__meta-inner\"><div class=\"uagb-testimonial-details\"><span class=\"uagb-tm__author-name\">Zaman D.<\/span><span class=\"uagb-tm__company\"> <\/span><\/div><\/div><\/div><\/div><\/div><\/div><\/div>\n<\/div>\n\n\n\n<div class=\"wp-block-uagb-buttons uagb-buttons__outer-wrap uagb-btn__default-btn uagb-btn-tablet__default-btn uagb-btn-mobile__default-btn uagb-block-620879ff\"><div class=\"uagb-buttons__wrap uagb-buttons-layout-wrap\">\n<div class=\"wp-block-uagb-buttons-child uagb-buttons__outer-wrap uagb-block-6f6fd00c wp-block-button\"><div class=\"uagb-button__wrapper\"><a class=\"uagb-buttons-repeater wp-block-button__link\" aria-label=\"\" href=\"tel:(754) 225-2575\" rel=\"follow noopener\" target=\"_self\" role=\"button\"><div class=\"uagb-button__link\">LLAMA A UN EXPERTO<\/div><\/a><\/div><\/div>\n<\/div><\/div>\n<\/div><\/div>","protected":false},"excerpt":{"rendered":"<p>Save time and make things simple with EBT Experts How It Works Is Your Store EBT Compliant? Learn More About EBT License Requirements Most store owners think they won\u2019t lose [&hellip;]<\/p>","protected":false},"author":1,"featured_media":0,"parent":0,"menu_order":0,"comment_status":"closed","ping_status":"closed","template":"","meta":{"_uag_custom_page_level_css":"","footnotes":""},"class_list":["post-97","page","type-page","status-publish","hentry"],"uagb_featured_image_src":{"full":false,"thumbnail":false,"medium":false,"medium_large":false,"large":false,"1536x1536":false,"2048x2048":false,"trp-custom-language-flag":false,"botiga-extra-large":false,"botiga-large":false,"botiga-big":false,"botiga-medium":false,"botiga-header-icons":false,"botiga-product-swatch-image":false},"uagb_author_info":{"display_name":"admin","author_link":"https:\/\/www.ebtexperts.com\/es\/blog\/author\/admin\/"},"uagb_comment_info":0,"uagb_excerpt":"Save time and make things simple with EBT Experts How It Works Is Your Store EBT Compliant? Learn More About EBT License Requirements Most store owners think they won\u2019t lose [&hellip;]","_links":{"self":[{"href":"https:\/\/www.ebtexperts.com\/es\/wp-json\/wp\/v2\/pages\/97"}],"collection":[{"href":"https:\/\/www.ebtexperts.com\/es\/wp-json\/wp\/v2\/pages"}],"about":[{"href":"https:\/\/www.ebtexperts.com\/es\/wp-json\/wp\/v2\/types\/page"}],"author":[{"embeddable":true,"href":"https:\/\/www.ebtexperts.com\/es\/wp-json\/wp\/v2\/users\/1"}],"replies":[{"embeddable":true,"href":"https:\/\/www.ebtexperts.com\/es\/wp-json\/wp\/v2\/comments?post=97"}],"version-history":[{"count":31,"href":"https:\/\/www.ebtexperts.com\/es\/wp-json\/wp\/v2\/pages\/97\/revisions"}],"predecessor-version":[{"id":426,"href":"https:\/\/www.ebtexperts.com\/es\/wp-json\/wp\/v2\/pages\/97\/revisions\/426"}],"wp:attachment":[{"href":"https:\/\/www.ebtexperts.com\/es\/wp-json\/wp\/v2\/media?parent=97"}],"curies":[{"name":"wp","href":"https:\/\/api.w.org\/{rel}","templated":true}]}}